{"id":328,"date":"2024-02-06T10:26:42","date_gmt":"2024-02-06T15:26:42","guid":{"rendered":"https:\/\/tienda.intuipos.com\/?page_id=328"},"modified":"2025-02-04T16:18:12","modified_gmt":"2025-02-04T21:18:12","slug":"capacitaciones","status":"publish","type":"page","link":"https:\/\/tienda.intuipos.com\/index.php\/capacitaciones\/","title":{"rendered":"CAPACITACIONES"},"content":{"rendered":"<p>[et_pb_section fb_built=\u00bb1&#8243; admin_label=\u00bbNew Arrivals Section\u00bb _builder_version=\u00bb4.23.4&#8243; background_enable_color=\u00bboff\u00bb background_enable_image=\u00bboff\u00bb custom_margin=\u00bb-7px|||||\u00bb custom_padding=\u00bb0px|0px||0px|false|false\u00bb top_divider_style=\u00bbwave2&#8243; top_divider_color=\u00bb#7CA944&#8243; locked=\u00bboff\u00bb global_colors_info=\u00bb{}\u00bb][et_pb_row _builder_version=\u00bb4.16&#8243; custom_padding=\u00bb159px|||0px||\u00bb global_colors_info=\u00bb{}\u00bb][et_pb_column type=\u00bb4_4&#8243; _builder_version=\u00bb4.16&#8243; custom_padding=\u00bb|||\u00bb global_colors_info=\u00bb{}\u00bb custom_padding__hover=\u00bb|||\u00bb][et_pb_text _builder_version=\u00bb4.24.0&#8243; _module_preset=\u00bbdefault\u00bb text_font=\u00bbPoppins|800|||||||\u00bb text_text_color=\u00bb#A6CE38&#8243; text_font_size=\u00bb33px\u00bb header_font=\u00bbPoppins|700|||||||\u00bb header_text_color=\u00bb#7CA944&#8243; header_font_size=\u00bb35px\u00bb text_orientation=\u00bbcenter\u00bb global_colors_info=\u00bb{}\u00bb]<\/p>\n<h1 style=\"text-align: center;\"><strong>CAPACITACIONES<\/strong><\/h1>\n<p>[\/et_pb_text][\/et_pb_column][\/et_pb_row][et_pb_row column_structure=\u00bb1_4,1_4,1_4,1_4&#8243; _builder_version=\u00bb4.24.0&#8243; _module_preset=\u00bbdefault\u00bb min_height=\u00bb841px\u00bb custom_margin=\u00bb||||false|true\u00bb custom_padding=\u00bb|0px||0px|true|true\u00bb global_colors_info=\u00bb{}\u00bb][et_pb_column type=\u00bb1_4&#8243; _builder_version=\u00bb4.23.4&#8243; _module_preset=\u00bbdefault\u00bb global_colors_info=\u00bb{}\u00bb][\/et_pb_column][et_pb_column type=\u00bb1_4&#8243; _builder_version=\u00bb4.23.4&#8243; _module_preset=\u00bbdefault\u00bb global_colors_info=\u00bb{}\u00bb][et_pb_text _builder_version=\u00bb4.27.0&#8243; _module_preset=\u00bbdefault\u00bb text_font=\u00bbPoppins|300|||||||\u00bb text_text_color=\u00bb#FFFFFF\u00bb text_font_size=\u00bb13px\u00bb header_font=\u00bbPoppins||||||||\u00bb use_background_color_gradient=\u00bbon\u00bb background_color_gradient_stops=\u00bb#74a834 0%|rgba(124,169,68,0.38) 100%\u00bb transform_scale=\u00bb110%|110%\u00bb custom_margin=\u00bb-5px|-18px|-5px|-18px|true|true\u00bb custom_padding=\u00bb52px|29px|88px|29px|false|true\u00bb hover_enabled=\u00bb0&#8243; box_shadow_style=\u00bbpreset1&#8243; box_shadow_horizontal=\u00bb-2px\u00bb locked=\u00bboff\u00bb global_colors_info=\u00bb{}\u00bb sticky_enabled=\u00bb0&#8243;]<\/p>\n<h3 style=\"text-align: center;\"><span style=\"color: #ffffff;\"><strong>CAPACITACI\u00d3N INVENTARIOS\u00a0<\/strong><\/span><\/h3>\n<h4 style=\"text-align: center;\"><span style=\"color: #ffffff;\"><strong>$ 731.500<\/strong><\/span><\/h4>\n<p><span style=\"color: #ffffff;\"><strong><\/strong><\/span><\/p>\n<div>\n<div><\/div>\n<div><\/div>\n<\/div>\n<p style=\"text-align: left;\"><span style=\"color: #339966;\"><img loading=\"lazy\" decoding=\"async\" src=\"http:\/\/tienda.intuipos.com\/wp-content\/uploads\/2024\/01\/Captura_de_pantalla_2024-01-18_113417-removebg-preview-1-300x284.png\" width=\"17\" height=\"16\" alt=\"\" class=\"wp-image-165 alignnone size-medium\" \/><\/span>Asistencia parametrizaci\u00f3n x Excel x 3 hr<\/p>\n<p style=\"text-align: left;\"><span style=\"color: #339966;\"><img loading=\"lazy\" decoding=\"async\" src=\"http:\/\/tienda.intuipos.com\/wp-content\/uploads\/2024\/01\/Captura_de_pantalla_2024-01-18_113417-removebg-preview-1-300x284.png\" width=\"17\" height=\"16\" alt=\"\" class=\"wp-image-165 alignnone size-medium\" \/><\/span> <span>Entrenamiento inventarios (Teorico) x 3 hr<\/span><\/p>\n<p style=\"text-align: left;\"><span style=\"color: #339966;\"><img loading=\"lazy\" decoding=\"async\" src=\"http:\/\/tienda.intuipos.com\/wp-content\/uploads\/2024\/01\/Captura_de_pantalla_2024-01-18_113417-removebg-preview-1-300x284.png\" width=\"17\" height=\"16\" alt=\"\" class=\"wp-image-165 alignnone size-medium\" \/><\/span>Entrenamiento inventarios (Practico) 3 hr<\/p>\n<p><span style=\"color: #339966;\"><img loading=\"lazy\" decoding=\"async\" src=\"http:\/\/tienda.intuipos.com\/wp-content\/uploads\/2024\/01\/Captura_de_pantalla_2024-01-18_113417-removebg-preview-1-300x284.png\" width=\"17\" height=\"16\" alt=\"\" class=\"wp-image-165 alignnone size-medium\" \/><\/span>Entrenamiento inventarios (Seguimiento) x 3 Hr<\/p>\n<p><span style=\"color: #339966;\"><img loading=\"lazy\" decoding=\"async\" src=\"http:\/\/tienda.intuipos.com\/wp-content\/uploads\/2024\/01\/Captura_de_pantalla_2024-01-18_113417-removebg-preview-1-300x284.png\" width=\"17\" height=\"16\" alt=\"\" class=\"wp-image-165 alignnone size-medium\" \/><\/span>Acompa\u00f1amiento operaci\u00f3n x 2 hr<\/p>\n<p style=\"text-align: left;\">[\/et_pb_text][et_pb_button button_url=\u00bbhttps:\/\/tienda.intuipos.com\/index.php\/producto\/capacitacion-inventarios\/\u00bb url_new_window=\u00bbon\u00bb button_text=\u00bbCompra Aqu\u00ed\u00bb button_alignment=\u00bbcenter\u00bb _builder_version=\u00bb4.24.0&#8243; _module_preset=\u00bbdefault\u00bb custom_button=\u00bbon\u00bb button_text_color=\u00bb#7CA944&#8243; button_bg_color=\u00bb#FFFFFF\u00bb button_border_color=\u00bbRGBA(255,255,255,0)\u00bb button_border_radius=\u00bb25px\u00bb custom_margin=\u00bb-40px||||false|false\u00bb animation_style=\u00bbslide\u00bb box_shadow_style=\u00bbpreset1&#8243; locked=\u00bboff\u00bb global_colors_info=\u00bb{}\u00bb][\/et_pb_button][\/et_pb_column][et_pb_column type=\u00bb1_4&#8243; _builder_version=\u00bb4.23.4&#8243; _module_preset=\u00bbdefault\u00bb global_colors_info=\u00bb{}\u00bb][et_pb_text _builder_version=\u00bb4.24.0&#8243; _module_preset=\u00bbdefault\u00bb text_font=\u00bbPoppins|300|||||||\u00bb text_text_color=\u00bb#000000&#8243; text_font_size=\u00bb16px\u00bb transform_scale=\u00bb110%|110%\u00bb custom_margin=\u00bb-5px|-16px|-5px|-16px|true|true\u00bb custom_padding=\u00bb52px|29px|88px|29px|false|true\u00bb box_shadow_style=\u00bbpreset1&#8243; box_shadow_horizontal=\u00bb-2px\u00bb locked=\u00bboff\u00bb global_colors_info=\u00bb{}\u00bb]<\/p>\n<h3 style=\"text-align: center;\"><strong><span style=\"color: #339966;\">CAPACITACI\u00d3N MODULO CONTABLE\u00a0<\/span><\/strong><\/h3>\n<h3 style=\"text-align: center;\"><strong><span style=\"color: #339966;\">$<span>\u00a0683.650<\/span><\/span><\/strong><\/h3>\n<p><strong><span style=\"color: #339966;\"><span><\/span><\/span><\/strong><\/p>\n<p><strong><span style=\"color: #339966;\"><span><\/span><\/span><\/strong><\/p>\n<p style=\"text-align: center;\"><strong>**<\/strong>El m\u00ednimo de horas para esta capacitaci\u00f3n son 6 horas<\/p>\n<p><span style=\"color: #339966;\"><img loading=\"lazy\" decoding=\"async\" src=\"https:\/\/img.freepik.com\/vector-premium\/marque-icono-marca-verificacion-opcion-web-ok-simbolo-ilustracion-vector-aprobacion-boton_744955-211.jpg\" alt=\"Marque el icono de marca de verificaci\u00f3n opci\u00f3n web ok ...\" width=\"16\" height=\"16\" \/> <\/span>Parametrizaci\u00f3n<\/p>\n<p><span style=\"color: #339966;\"><img loading=\"lazy\" decoding=\"async\" src=\"https:\/\/img.freepik.com\/vector-premium\/marque-icono-marca-verificacion-opcion-web-ok-simbolo-ilustracion-vector-aprobacion-boton_744955-211.jpg\" alt=\"Marque el icono de marca de verificaci\u00f3n opci\u00f3n web ok ...\" width=\"16\" height=\"16\" \/> <\/span>Definici\u00f3n de cuentas<\/p>\n<p><span style=\"color: #339966;\"><img loading=\"lazy\" decoding=\"async\" src=\"https:\/\/img.freepik.com\/vector-premium\/marque-icono-marca-verificacion-opcion-web-ok-simbolo-ilustracion-vector-aprobacion-boton_744955-211.jpg\" alt=\"Marque el icono de marca de verificaci\u00f3n opci\u00f3n web ok ...\" width=\"16\" height=\"16\" \/> <\/span>Validaci\u00f3n<\/p>\n<p style=\"text-align: left;\">[\/et_pb_text][et_pb_button button_url=\u00bbhttps:\/\/tienda.intuipos.com\/index.php\/producto\/capacitacion-modulo-contable-x-6-horas\/\u00bb url_new_window=\u00bbon\u00bb button_text=\u00bbCompra Aqu\u00ed\u00bb button_alignment=\u00bbcenter\u00bb _builder_version=\u00bb4.24.0&#8243; _module_preset=\u00bbdefault\u00bb custom_button=\u00bbon\u00bb button_text_color=\u00bb#FFFFFF\u00bb button_bg_color=\u00bb#7CA944&#8243; button_border_color=\u00bbRGBA(255,255,255,0)\u00bb button_border_radius=\u00bb25px\u00bb custom_margin=\u00bb-40px||||false|false\u00bb animation_style=\u00bbslide\u00bb box_shadow_style=\u00bbpreset1&#8243; locked=\u00bboff\u00bb global_colors_info=\u00bb{}\u00bb][\/et_pb_button][\/et_pb_column][et_pb_column type=\u00bb1_4&#8243; _builder_version=\u00bb4.23.4&#8243; _module_preset=\u00bbdefault\u00bb global_colors_info=\u00bb{}\u00bb][\/et_pb_column][\/et_pb_row][\/et_pb_section]<\/p>\n","protected":false},"excerpt":{"rendered":"<p>CAPACITACIONESCAPACITACI\u00d3N INVENTARIOS\u00a0 $ 731.500 Asistencia parametrizaci\u00f3n x Excel x 3 hr Entrenamiento inventarios (Teorico) x 3 hr Entrenamiento inventarios (Practico) 3 hr Entrenamiento inventarios (Seguimiento) x 3 Hr Acompa\u00f1amiento operaci\u00f3n x 2 hr CAPACITACI\u00d3N MODULO CONTABLE\u00a0 $\u00a0683.650 **El m\u00ednimo de horas para esta capacitaci\u00f3n son 6 horas Parametrizaci\u00f3n Definici\u00f3n de cuentas Validaci\u00f3n<\/p>\n","protected":false},"author":1,"featured_media":0,"parent":0,"menu_order":0,"comment_status":"closed","ping_status":"closed","template":"","meta":{"_et_pb_use_builder":"on","_et_pb_old_content":"","_et_gb_content_width":"","_joinchat":{"telephone":"+573245178060"},"footnotes":""},"class_list":["post-328","page","type-page","status-publish","hentry"],"jetpack_sharing_enabled":true,"_links":{"self":[{"href":"https:\/\/tienda.intuipos.com\/index.php\/wp-json\/wp\/v2\/pages\/328","targetHints":{"allow":["GET"]}}],"collection":[{"href":"https:\/\/tienda.intuipos.com\/index.php\/wp-json\/wp\/v2\/pages"}],"about":[{"href":"https:\/\/tienda.intuipos.com\/index.php\/wp-json\/wp\/v2\/types\/page"}],"author":[{"embeddable":true,"href":"https:\/\/tienda.intuipos.com\/index.php\/wp-json\/wp\/v2\/users\/1"}],"replies":[{"embeddable":true,"href":"https:\/\/tienda.intuipos.com\/index.php\/wp-json\/wp\/v2\/comments?post=328"}],"version-history":[{"count":8,"href":"https:\/\/tienda.intuipos.com\/index.php\/wp-json\/wp\/v2\/pages\/328\/revisions"}],"predecessor-version":[{"id":514,"href":"https:\/\/tienda.intuipos.com\/index.php\/wp-json\/wp\/v2\/pages\/328\/revisions\/514"}],"wp:attachment":[{"href":"https:\/\/tienda.intuipos.com\/index.php\/wp-json\/wp\/v2\/media?parent=328"}],"curies":[{"name":"wp","href":"https:\/\/api.w.org\/{rel}","templated":true}]}}